{"id":14215,"date":"2020-12-15T13:42:37","date_gmt":"2020-12-15T12:42:37","guid":{"rendered":"https:\/\/www.pdceurope.com\/?page_id=14215"},"modified":"2021-02-02T10:48:50","modified_gmt":"2021-02-02T09:48:50","slug":"systeme-dejection","status":"publish","type":"page","link":"https:\/\/www.pdceurope.com\/fr\/systeme-dejection\/","title":{"rendered":"SURE : Syst\u00e8me Universel de Rejet Electronique"},"content":{"rendered":"<div class=\"wpb-content-wrapper\"><p>[vc_row el_class=\u00a0\u00bbgp_1st\u00a0\u00bb][vc_column el_class=\u00a0\u00bbgp_carac\u00a0\u00bb][vc_row_inner][vc_column_inner width=\u00a0\u00bb1\/2&Prime;][vc_single_image image=\u00a0\u00bb14220&Prime; img_size=\u00a0\u00bbfull\u00a0\u00bb][\/vc_column_inner][vc_column_inner width=\u00a0\u00bb1\/2&Prime;][vc_column_text]Syst\u00e8me d&rsquo;\u00e9jection :<br \/>\nNotre solution brevet\u00e9e, SURE<sup>TM<\/sup> , est un module standard, d\u00e9velopp\u00e9 pour \u00e9jecter, orienter ou d\u00e9vier, sans choc tous types de produits.<\/p>\n<p>Il est compatible avec tous types de cadences et peut \u00eatre ais\u00e9ment int\u00e9gr\u00e9 \u00e0 vos lignes existantes, en amont ou en aval de toutes vos machines !<\/p>\n<p>Encore une nouveaut\u00e9 d\u00e9velopp\u00e9e par les \u00e9quipes de <a href=\"https:\/\/www.pdceurope.com\/fr\/\">PDC Europe<\/a>. Nous ajoutons pas porosit\u00e9 en amont et en aval de nos applicateurs de manchons de nouvelles fonctions qui r\u00e9pondent non seulement aux challenges li\u00e9s au manchonnages r\u00e9tractables et \u00e9tirables mais aussi \u00e0 tous types de lignes de productions &#8211; remplissage, d\u00e9cor, soufflage, etc&#8230;[\/vc_column_text][\/vc_column_inner][\/vc_row_inner][\/vc_column][\/vc_row][vc_row type=\u00a0\u00bbfull-width-section\u00a0\u00bb css=\u00a0\u00bb.vc_custom_1606311466514{padding-top: 25px !important;padding-bottom: 25px !important;background-color: #1a1c27 !important;}\u00a0\u00bb el_class=\u00a0\u00bbgp_avantages\u00a0\u00bb][vc_column][vc_custom_heading text=\u00a0\u00bbS.U.R.E\u00a0\u00bb font_container=\u00a0\u00bbtag:h1|font_size:25|text_align:center|color:%23ffffff\u00a0\u00bb google_fonts=\u00a0\u00bbfont_family:Lato%3A100%2C100italic%2C300%2C300italic%2Cregular%2Citalic%2C700%2C700italic%2C900%2C900italic|font_style:900%20bold%20regular%3A900%3Anormal\u00a0\u00bb][vc_column_text]<span style=\"color: #ffffff;\">Contrairement aux syst\u00e9mes habituellement install\u00e9s qui poussent lat\u00e9ralement ou d\u00e9vient frontalement les produits, SURE accompagne le produit par l\u2019arri\u00e8re en s\u2019adaptant \u00e0 sa vitesse de d\u00e9filement. Pas de choc, pas de risque de faire basculer le produit !<\/span>[\/vc_column_text][vc_row_inner el_class=\u00a0\u00bbgp_avantage-1&Prime;][vc_column_inner width=\u00a0\u00bb1\/3&Prime; css=\u00a0\u00bb.vc_custom_1606318162008{padding-top: 50px !important;padding-right: 50px !important;padding-bottom: 50px !important;padding-left: 50px !important;background-color: #ffffff !important;border-radius: 10px !important;}\u00a0\u00bb][vc_single_image image=\u00a0\u00bb14247&Prime; img_size=\u00a0\u00bb200&#215;100&Prime; alignment=\u00a0\u00bbcenter\u00a0\u00bb][vc_custom_heading text=\u00a0\u00bbCompatible avec toutes les lignes de productions\u00a0\u00bb font_container=\u00a0\u00bbtag:h2|font_size:20|text_align:left\u00a0\u00bb google_fonts=\u00a0\u00bbfont_family:Lato%3A100%2C100italic%2C300%2C300italic%2Cregular%2Citalic%2C700%2C700italic%2C900%2C900italic|font_style:900%20bold%20regular%3A900%3Anormal\u00a0\u00bb][vc_column_text]Sure s\u2019adapte (sans pi\u00e8ce de format) \u00e0 tous vos produits et toutes vos vitesses de lignes[\/vc_column_text][\/vc_column_inner][vc_column_inner width=\u00a0\u00bb1\/3&Prime; css=\u00a0\u00bb.vc_custom_1606318154267{padding-top: 50px !important;padding-right: 50px !important;padding-bottom: 50px !important;padding-left: 50px !important;background-color: #ffffff !important;border-radius: 10px !important;}\u00a0\u00bb][vc_single_image image=\u00a0\u00bb14239&Prime; img_size=\u00a0\u00bb200&#215;100&Prime; alignment=\u00a0\u00bbcenter\u00a0\u00bb][vc_custom_heading text=\u00a0\u00bbL\u2019exp\u00e9rience utilisateur comme base de travail\u00a0\u00bb font_container=\u00a0\u00bbtag:h2|font_size:20|text_align:left\u00a0\u00bb google_fonts=\u00a0\u00bbfont_family:Lato%3A100%2C100italic%2C300%2C300italic%2Cregular%2Citalic%2C700%2C700italic%2C900%2C900italic|font_style:900%20bold%20regular%3A900%3Anormal\u00a0\u00bb][vc_column_text]SURE est d\u00e9velopp\u00e9 pour faciliter le travail de vos op\u00e9rateur[\/vc_column_text][\/vc_column_inner][vc_column_inner width=\u00a0\u00bb1\/3&Prime; css=\u00a0\u00bb.vc_custom_1606294645553{padding-top: 50px !important;padding-right: 50px !important;padding-bottom: 50px !important;padding-left: 50px !important;background-color: #ffffff !important;border-radius: 10px !important;}\u00a0\u00bb][vc_single_image image=\u00a0\u00bb14242&Prime; img_size=\u00a0\u00bb200&#215;100&Prime; alignment=\u00a0\u00bbcenter\u00a0\u00bb][vc_custom_heading text=\u00a0\u00bbSimple et efficace\u00a0\u00bb font_container=\u00a0\u00bbtag:h2|font_size:20|text_align:left\u00a0\u00bb google_fonts=\u00a0\u00bbfont_family:Lato%3A100%2C100italic%2C300%2C300italic%2Cregular%2Citalic%2C700%2C700italic%2C900%2C900italic|font_style:900%20bold%20regular%3A900%3Anormal\u00a0\u00bb][vc_column_text]Une seule pi\u00e8ce en mouvement, command\u00e9e par un brushless. Pas d\u2019air comprim\u00e9, l\u2019\u00e9nergie consomm\u00e9e et la maintenance sont r\u00e9duite \u00e0 leur minimum.[\/vc_column_text][\/vc_column_inner][\/vc_row_inner][\/vc_column][\/vc_row][vc_row el_class=\u00a0\u00bbgp_1st\u00a0\u00bb][vc_column][vc_row_inner][vc_column_inner width=\u00a0\u00bb1\/2&Prime;][vc_column_text]Avec ou sans cart\u00e9risation pour une insertion facile dans vos lignes SURE s\u2019adapte automatiquement \u00e0 tous vos changements de production !<\/p>\n<p>Il est compatible avec toutes les solutions de d\u00e9tection (cam\u00e9ra, peseuse, UV, fibre optique, etc\u2026) \u2013 ce qui vous permet d\u2019installer SURE sur toute votre ligne !<\/p>\n<p>SURE peut aussi g\u00e9rer l\u2019orientation de la poign\u00e9e d\u2019un produit et g\u00e9rer l\u2019accumulation sur plusieurs lignes en orientant les flux.<\/p>\n<p>Syst\u00e8me d&rsquo;\u00e9jection[\/vc_column_text][\/vc_column_inner][vc_column_inner width=\u00a0\u00bb1\/2&Prime;][vc_single_image image=\u00a0\u00bb14218&Prime; img_size=\u00a0\u00bbmedium\u00a0\u00bb alignment=\u00a0\u00bbcenter\u00a0\u00bb][\/vc_column_inner][\/vc_row_inner][\/vc_column][\/vc_row][vc_row][vc_column][vc_column_text]<video controls=\"controls\" width=\"100%\" height=\"auto\"><source src=\"https:\/\/www.pdceurope.com\/wp-content\/uploads\/2020\/12\/sure-presentation-grande.mov\" \/><\/video>[\/vc_column_text][\/vc_column][\/vc_row]<\/p>\n<\/div>","protected":false},"excerpt":{"rendered":"<p>[vc_row el_class=\u00a0\u00bbgp_1st\u00a0\u00bb][vc_column el_class=\u00a0\u00bbgp_carac\u00a0\u00bb][vc_row_inner][vc_column_inner width=\u00a0\u00bb1\/2&Prime;][vc_single_image image=\u00a0\u00bb14220&Prime; img_size=\u00a0\u00bbfull\u00a0\u00bb][\/vc_column_inner][vc_column_inner width=\u00a0\u00bb1\/2&Prime;][vc_column_text]Syst\u00e8me d&rsquo;\u00e9jection : Notre solution brevet\u00e9e, SURETM , est un module standard, d\u00e9velopp\u00e9 pour \u00e9jecter, orienter ou d\u00e9vier, sans choc tous types de produits. Il est compatible avec tous types de cadences et peut \u00eatre ais\u00e9ment int\u00e9gr\u00e9 \u00e0 vos lignes existantes, en amont ou en aval de toutes vos<br \/><a href=\"https:\/\/www.pdceurope.com\/fr\/systeme-dejection\/\" class=\"more\">Read more<\/a><\/p>\n","protected":false},"author":11,"featured_media":0,"parent":0,"menu_order":0,"comment_status":"closed","ping_status":"closed","template":"","meta":{"_monsterinsights_skip_tracking":false,"_monsterinsights_sitenote_active":false,"_monsterinsights_sitenote_note":"","_monsterinsights_sitenote_category":0,"footnotes":""},"yoast_head":"<!-- This site is optimized with the Yoast SEO plugin v24.5 - https:\/\/yoast.com\/wordpress\/plugins\/seo\/ -->\n<title>Syst\u00e8me d&#039;\u00e9jection pour produits non conformes PDC Europe<\/title>\n<meta name=\"description\" content=\"Syst\u00e8me d&#039;\u00e9jection pour produits non conformes, SURE, technologie brevet\u00e9e PDC Europe - orientation, d\u00e9viation, implantation simple sur ligne\" \/>\n<meta name=\"robots\" content=\"index, follow, max-snippet:-1, max-image-preview:large, max-video-preview:-1\" \/>\n<link rel=\"canonical\" href=\"https:\/\/www.pdceurope.com\/fr\/systeme-dejection\/\" \/>\n<meta name=\"twitter:card\" content=\"summary_large_image\" \/>\n<meta name=\"twitter:title\" content=\"Syst\u00e8me d&#039;\u00e9jection pour produits non conformes PDC Europe\" \/>\n<meta name=\"twitter:description\" content=\"Syst\u00e8me d&#039;\u00e9jection pour produits non conformes, SURE, technologie brevet\u00e9e PDC Europe - orientation, d\u00e9viation, implantation simple sur ligne\" \/>\n<meta name=\"twitter:site\" content=\"@PDC_Europe\" \/>\n<meta name=\"twitter:label1\" content=\"Dur\u00e9e de lecture estim\u00e9e\" \/>\n\t<meta name=\"twitter:data1\" content=\"2 minutes\" \/>\n<script type=\"application\/ld+json\" class=\"yoast-schema-graph\">{\"@context\":\"https:\/\/schema.org\",\"@graph\":[{\"@type\":\"WebPage\",\"@id\":\"https:\/\/www.pdceurope.com\/fr\/systeme-dejection\/\",\"url\":\"https:\/\/www.pdceurope.com\/fr\/systeme-dejection\/\",\"name\":\"Syst\u00e8me d'\u00e9jection pour produits non conformes PDC Europe\",\"isPartOf\":{\"@id\":\"https:\/\/www.pdceurope.com\/fr\/#website\"},\"datePublished\":\"2020-12-15T12:42:37+00:00\",\"dateModified\":\"2021-02-02T09:48:50+00:00\",\"description\":\"Syst\u00e8me d'\u00e9jection pour produits non conformes, SURE, technologie brevet\u00e9e PDC Europe - orientation, d\u00e9viation, implantation simple sur ligne\",\"breadcrumb\":{\"@id\":\"https:\/\/www.pdceurope.com\/fr\/systeme-dejection\/#breadcrumb\"},\"inLanguage\":\"fr-FR\",\"potentialAction\":[{\"@type\":\"ReadAction\",\"target\":[\"https:\/\/www.pdceurope.com\/fr\/systeme-dejection\/\"]}]},{\"@type\":\"BreadcrumbList\",\"@id\":\"https:\/\/www.pdceurope.com\/fr\/systeme-dejection\/#breadcrumb\",\"itemListElement\":[{\"@type\":\"ListItem\",\"position\":1,\"name\":\"Accueil\",\"item\":\"https:\/\/www.pdceurope.com\/fr\/\"},{\"@type\":\"ListItem\",\"position\":2,\"name\":\"SURE : Syst\u00e8me Universel de Rejet Electronique\"}]},{\"@type\":\"WebSite\",\"@id\":\"https:\/\/www.pdceurope.com\/fr\/#website\",\"url\":\"https:\/\/www.pdceurope.com\/fr\/\",\"name\":\"PDC Europe\",\"description\":\"Cr\u00e9ation de solution de manchonnage\",\"publisher\":{\"@id\":\"https:\/\/www.pdceurope.com\/fr\/#organization\"},\"potentialAction\":[{\"@type\":\"SearchAction\",\"target\":{\"@type\":\"EntryPoint\",\"urlTemplate\":\"https:\/\/www.pdceurope.com\/fr\/?s={search_term_string}\"},\"query-input\":{\"@type\":\"PropertyValueSpecification\",\"valueRequired\":true,\"valueName\":\"search_term_string\"}}],\"inLanguage\":\"fr-FR\"},{\"@type\":\"Organization\",\"@id\":\"https:\/\/www.pdceurope.com\/fr\/#organization\",\"name\":\"PDC Europe\",\"url\":\"https:\/\/www.pdceurope.com\/fr\/\",\"logo\":{\"@type\":\"ImageObject\",\"inLanguage\":\"fr-FR\",\"@id\":\"https:\/\/www.pdceurope.com\/fr\/#\/schema\/logo\/image\/\",\"url\":\"https:\/\/www.pdceurope.com\/wp-content\/uploads\/2017\/06\/LOGO-PDC-900X900.png\",\"contentUrl\":\"https:\/\/www.pdceurope.com\/wp-content\/uploads\/2017\/06\/LOGO-PDC-900X900.png\",\"width\":900,\"height\":900,\"caption\":\"PDC Europe\"},\"image\":{\"@id\":\"https:\/\/www.pdceurope.com\/fr\/#\/schema\/logo\/image\/\"},\"sameAs\":[\"https:\/\/x.com\/PDC_Europe\",\"https:\/\/www.linkedin.com\/company\/pdc-europe\",\"https:\/\/www.youtube.com\/channel\/UCEx0SwTrsH0pnHQC7cXCCkw\"]}]}<\/script>\n<!-- \/ Yoast SEO plugin. -->","yoast_head_json":{"title":"Syst\u00e8me d'\u00e9jection pour produits non conformes PDC Europe","description":"Syst\u00e8me d'\u00e9jection pour produits non conformes, SURE, technologie brevet\u00e9e PDC Europe - orientation, d\u00e9viation, implantation simple sur ligne","robots":{"index":"index","follow":"follow","max-snippet":"max-snippet:-1","max-image-preview":"max-image-preview:large","max-video-preview":"max-video-preview:-1"},"canonical":"https:\/\/www.pdceurope.com\/fr\/systeme-dejection\/","twitter_card":"summary_large_image","twitter_title":"Syst\u00e8me d'\u00e9jection pour produits non conformes PDC Europe","twitter_description":"Syst\u00e8me d'\u00e9jection pour produits non conformes, SURE, technologie brevet\u00e9e PDC Europe - orientation, d\u00e9viation, implantation simple sur ligne","twitter_site":"@PDC_Europe","twitter_misc":{"Dur\u00e9e de lecture estim\u00e9e":"2 minutes"},"schema":{"@context":"https:\/\/schema.org","@graph":[{"@type":"WebPage","@id":"https:\/\/www.pdceurope.com\/fr\/systeme-dejection\/","url":"https:\/\/www.pdceurope.com\/fr\/systeme-dejection\/","name":"Syst\u00e8me d'\u00e9jection pour produits non conformes PDC Europe","isPartOf":{"@id":"https:\/\/www.pdceurope.com\/fr\/#website"},"datePublished":"2020-12-15T12:42:37+00:00","dateModified":"2021-02-02T09:48:50+00:00","description":"Syst\u00e8me d'\u00e9jection pour produits non conformes, SURE, technologie brevet\u00e9e PDC Europe - orientation, d\u00e9viation, implantation simple sur ligne","breadcrumb":{"@id":"https:\/\/www.pdceurope.com\/fr\/systeme-dejection\/#breadcrumb"},"inLanguage":"fr-FR","potentialAction":[{"@type":"ReadAction","target":["https:\/\/www.pdceurope.com\/fr\/systeme-dejection\/"]}]},{"@type":"BreadcrumbList","@id":"https:\/\/www.pdceurope.com\/fr\/systeme-dejection\/#breadcrumb","itemListElement":[{"@type":"ListItem","position":1,"name":"Accueil","item":"https:\/\/www.pdceurope.com\/fr\/"},{"@type":"ListItem","position":2,"name":"SURE : Syst\u00e8me Universel de Rejet Electronique"}]},{"@type":"WebSite","@id":"https:\/\/www.pdceurope.com\/fr\/#website","url":"https:\/\/www.pdceurope.com\/fr\/","name":"PDC Europe","description":"Cr\u00e9ation de solution de manchonnage","publisher":{"@id":"https:\/\/www.pdceurope.com\/fr\/#organization"},"potentialAction":[{"@type":"SearchAction","target":{"@type":"EntryPoint","urlTemplate":"https:\/\/www.pdceurope.com\/fr\/?s={search_term_string}"},"query-input":{"@type":"PropertyValueSpecification","valueRequired":true,"valueName":"search_term_string"}}],"inLanguage":"fr-FR"},{"@type":"Organization","@id":"https:\/\/www.pdceurope.com\/fr\/#organization","name":"PDC Europe","url":"https:\/\/www.pdceurope.com\/fr\/","logo":{"@type":"ImageObject","inLanguage":"fr-FR","@id":"https:\/\/www.pdceurope.com\/fr\/#\/schema\/logo\/image\/","url":"https:\/\/www.pdceurope.com\/wp-content\/uploads\/2017\/06\/LOGO-PDC-900X900.png","contentUrl":"https:\/\/www.pdceurope.com\/wp-content\/uploads\/2017\/06\/LOGO-PDC-900X900.png","width":900,"height":900,"caption":"PDC Europe"},"image":{"@id":"https:\/\/www.pdceurope.com\/fr\/#\/schema\/logo\/image\/"},"sameAs":["https:\/\/x.com\/PDC_Europe","https:\/\/www.linkedin.com\/company\/pdc-europe","https:\/\/www.youtube.com\/channel\/UCEx0SwTrsH0pnHQC7cXCCkw"]}]}},"_links":{"self":[{"href":"https:\/\/www.pdceurope.com\/fr\/wp-json\/wp\/v2\/pages\/14215"}],"collection":[{"href":"https:\/\/www.pdceurope.com\/fr\/wp-json\/wp\/v2\/pages"}],"about":[{"href":"https:\/\/www.pdceurope.com\/fr\/wp-json\/wp\/v2\/types\/page"}],"author":[{"embeddable":true,"href":"https:\/\/www.pdceurope.com\/fr\/wp-json\/wp\/v2\/users\/11"}],"replies":[{"embeddable":true,"href":"https:\/\/www.pdceurope.com\/fr\/wp-json\/wp\/v2\/comments?post=14215"}],"version-history":[{"count":0,"href":"https:\/\/www.pdceurope.com\/fr\/wp-json\/wp\/v2\/pages\/14215\/revisions"}],"wp:attachment":[{"href":"https:\/\/www.pdceurope.com\/fr\/wp-json\/wp\/v2\/media?parent=14215"}],"curies":[{"name":"wp","href":"https:\/\/api.w.org\/{rel}","templated":true}]}}